{"id":423,"date":"2019-05-07T09:01:39","date_gmt":"2019-05-07T09:01:39","guid":{"rendered":"https:\/\/growinggrup.com\/?page_id=423"},"modified":"2024-07-12T14:18:47","modified_gmt":"2024-07-12T14:18:47","slug":"angles","status":"publish","type":"page","link":"https:\/\/growinggrup.com\/?page_id=423","title":{"rendered":"ANGL\u00c8S"},"content":{"rendered":"<h1>kms<\/h1>\n<p style=\"text-align: justify;\">La metodologia que emprem al Grow es basa principalment en una did\u00e0ctica activa, \u00e9s a dir, estimular i optimitzar el desenvolupament global de l\u2019infant, de totes les seves capacitats; f\u00edsiques, intel\u00b7lectuals, afectives i socials, entenent que cada nen\/a \u00e9s \u00fanic, amb unes necessitats, motivacions i creences diferents.<\/p>\n<p style=\"text-align: justify;\">En tot moment, l\u2019infant \u00e9s el protagonista del seu aprenentatge i, per aix\u00f2, se\u2019ls prop\u00edcia la descoberta d\u2019una nova llengua, en aquest cas l\u2019angl\u00e8s, posant al seu abast elements i coneixements que s\u2019esdevinguin intr\u00ednsecament atractius i motivadors per a ell.<\/p>\n<p style=\"text-align: justify;\">Per als m\u00e9s petits, l\u2019adquisici\u00f3 de la llengua anglesa es fa de manera natural, mitjan\u00e7ant el joc tot utilitzant un vocabulari b\u00e0sic. Es treballen els principals conceptes en coher\u00e8ncia i necessitat del nen o nena. En aquest cas, tamb\u00e9 tenim en compte quins temes treballen a l\u2019escola, per tal de poder-los ajudar i facilitar l\u2019adquisici\u00f3 d\u2019aquell nou contingut.<\/p>\n<p style=\"text-align: justify;\">Per als m\u00e9s adults els ajudem a no perdre aquesta tercera llengua tan important avui dia, d\u2019una manera molt comunicativa, ja que entenem que es la millor manera per no deixar caure en l\u2019oblit l\u2019angl\u00e8s, sense deixar de banda tots els conceptes que formen aquesta llengua.<\/p>\n<p style=\"text-align: justify;\">CRITERIS GENERALS D\u2019ORGANITZACI\u00d3 PEDAGOGICA I METODOL\u00d2GICA<\/p>\n<p style=\"text-align: justify;\">\u00a0\u221a Tenir en compte les difer\u00e8ncies individuals dels infants.<\/p>\n<p style=\"text-align: justify;\">\u221a Facilitar la varietat d\u2019experi\u00e8ncies i varietat de materials<\/p>\n<p style=\"text-align: justify;\">\u221a Con\u00e8ixer el principi d\u2019activitat i interacci\u00f3 a partir dels quals els infants aprenen i construeixen coneixements.<\/p>\n<p style=\"text-align: justify;\">\u221a Escoltar i atendre els infants en el que diuen i en el que fan, facilitant la seva participaci\u00f3 en all\u00f2 que els afecta per tal de desenvolupar el seu coneixement.<\/p>\n","protected":false},"excerpt":{"rendered":"<p>kms La metodologia que emprem al Grow es basa principalment en una did\u00e0ctica activa, \u00e9s a dir, estimular i optimitzar el desenvolupament global de l\u2019infant, de totes les seves capacitats; f\u00edsiques, intel\u00b7lectuals, afectives i socials, entenent que cada nen\/a \u00e9s \u00fanic, amb unes necessitats, motivacions i creences diferents. En tot moment, l\u2019infant \u00e9s el protagonista del seu aprenentatge i, per aix\u00f2, se\u2019ls prop\u00edcia la descoberta d\u2019una nova llengua, en aquest cas l\u2019angl\u00e8s, posant al seu abast elements i coneixements que s\u2019esdevinguin intr\u00ednsecament atractius i motivadors per a ell. Per als m\u00e9s petits, l\u2019adquisici\u00f3 de la llengua anglesa es fa de manera natural, mitjan\u00e7ant el joc tot utilitzant un vocabulari b\u00e0sic. Es treballen els principals conceptes en coher\u00e8ncia i necessitat del nen o nena. En aquest cas, tamb\u00e9 tenim en compte quins temes treballen a l\u2019escola, per tal de poder-los ajudar i facilitar l\u2019adquisici\u00f3 d\u2019aquell nou contingut. Per als m\u00e9s adults els ajudem a no perdre aquesta tercera llengua tan important avui dia, d\u2019una manera molt comunicativa, ja que entenem que es la millor manera per no deixar caure en l\u2019oblit l\u2019angl\u00e8s, sense deixar de banda tots els conceptes que formen aquesta llengua. CRITERIS GENERALS D\u2019ORGANITZACI\u00d3 PEDAGOGICA I METODOL\u00d2GICA \u00a0\u221a Tenir en compte les difer\u00e8ncies individuals dels infants. \u221a Facilitar la varietat d\u2019experi\u00e8ncies i varietat de materials \u221a Con\u00e8ixer el principi d\u2019activitat i interacci\u00f3 a partir dels quals els infants aprenen i construeixen coneixements. \u221a Escoltar i atendre els infants en el que diuen i en el que fan, facilitant la seva participaci\u00f3 en all\u00f2 que els afecta per tal de desenvolupar el seu coneixement.<\/p>\n","protected":false},"author":1,"featured_media":0,"parent":0,"menu_order":2,"comment_status":"closed","ping_status":"closed","template":"","meta":{"jetpack_post_was_ever_published":false,"footnotes":""},"class_list":["post-423","page","type-page","status-publish","hentry"],"aioseo_notices":[],"jetpack_sharing_enabled":true,"jetpack_shortlink":"https:\/\/wp.me\/P8FLJJ-6P","jetpack-related-posts":[],"_links":{"self":[{"href":"https:\/\/growinggrup.com\/index.php?rest_route=\/wp\/v2\/pages\/423","targetHints":{"allow":["GET"]}}],"collection":[{"href":"https:\/\/growinggrup.com\/index.php?rest_route=\/wp\/v2\/pages"}],"about":[{"href":"https:\/\/growinggrup.com\/index.php?rest_route=\/wp\/v2\/types\/page"}],"author":[{"embeddable":true,"href":"https:\/\/growinggrup.com\/index.php?rest_route=\/wp\/v2\/users\/1"}],"replies":[{"embeddable":true,"href":"https:\/\/growinggrup.com\/index.php?rest_route=%2Fwp%2Fv2%2Fcomments&post=423"}],"version-history":[{"count":5,"href":"https:\/\/growinggrup.com\/index.php?rest_route=\/wp\/v2\/pages\/423\/revisions"}],"predecessor-version":[{"id":786,"href":"https:\/\/growinggrup.com\/index.php?rest_route=\/wp\/v2\/pages\/423\/revisions\/786"}],"wp:attachment":[{"href":"https:\/\/growinggrup.com\/index.php?rest_route=%2Fwp%2Fv2%2Fmedia&parent=423"}],"curies":[{"name":"wp","href":"https:\/\/api.w.org\/{rel}","templated":true}]}}