{"id":424,"date":"2019-05-07T09:01:51","date_gmt":"2019-05-07T09:01:51","guid":{"rendered":"https:\/\/growinggrup.com\/?page_id=424"},"modified":"2024-05-14T12:32:34","modified_gmt":"2024-05-14T12:32:34","slug":"robotica","status":"publish","type":"page","link":"https:\/\/growinggrup.com\/?page_id=424","title":{"rendered":"ROB\u00d2TICA"},"content":{"rendered":"<h1>FreeKids<\/h1>\n<p style=\"text-align: justify;\">L\u2019activitat de <span style=\"text-decoration: underline;\">Freekids<\/span>, creada per To Grow Aula D\u2019Aprenentatge, es basa en un aprenentatge divertit i pr\u00e0ctic, alhora adaptat a cada alumne i amb la garantia dels valors de la casa, com s\u00f3n: l\u2019esfor\u00e7, la const\u00e0ncia i la superaci\u00f3. Aquest \u00faltim, amb el valor afegit de treballar la capacitat per resoldre problemes amb esfor\u00e7 i confian\u00e7a.<\/p>\n<p style=\"text-align: justify;\">Al <span style=\"text-decoration: underline;\">Freekids<\/span> posem a disposici\u00f3 dels alumnes una nova manera d\u2019aprendre molt m\u00e9s motivadora que la tradicional perqu\u00e8 la complementen amb la pr\u00e0ctica.<\/p>\n<p style=\"text-align: justify;\">Pensem que al <span style=\"text-decoration: underline;\">Freekids<\/span> els infants poden aprende a millorar la resoluci\u00f3 de problemes en grups reduits, desenvolupar capacitas creatives i d\u2019organitzaci\u00f3, coordinaci\u00f3 psicomotriu i ocular, fomentar la creatividat i la resoluci\u00f3 de problemes, descobrir noves habilitats, i desenvolupar\u00a0 l\u2019inter\u00e8s per investigar.<\/p>\n<p style=\"text-align: justify;\">La rob\u00f2tica educativa\/pedag\u00f2gica tamb\u00e9 t\u00e9 com a finalitat permetre als estudiants construir les seves pr\u00f2pies representacions dels fenomens del m\u00f3n que els envolta i facilitar l\u2019adquisici\u00f3 de nous coneixements al voltant d\u2019aquests, aix\u00ed com la transfer\u00e8ncia a diferentes \u00e0rees de coneixement.<\/p>\n<p style=\"text-align: justify;\"><span style=\"text-decoration: underline;\">Freekids<\/span> est\u00e0 pensat per a nens i nenes de m\u00e9s de 6 anys. Utilitzem un sistema dels m\u00e9s novedosos amb diferents kits de rob\u00f2tica educativa, com el Lego WEDO , Lego Mindstorm, la programaci\u00f3 Swift i la programaci\u00f3 Scracth i Arduino. Aquests sistemes son molt visuals i intuitius i fa que les possibilitats siguin infinites adaptant-nos a les capacitats i possibilitats de cada alumne.<\/p>\n<p style=\"text-align: justify;\">Tot aix\u00f2, ens obre la porta a la imaginaci\u00f3 i a treballar les matem\u00e0tiques dins de la programaci\u00f3, i al mateix temps, perdre la por a la complexitat matem\u00e0tica d\u2019una manera senzilla, divertida i pr\u00e0ctica.<\/p>\n<p style=\"text-align: justify;\">La rob\u00f2tica \u00e9s una branca de la ingenieria el\u00e8ctrica, electr\u00f2nica i de la inform\u00e0tica, encarregada del disseny, construcci\u00f3, operaci\u00f3 aplicable als robots. A m\u00e9s, la rob\u00f2tica aplicada a l\u2019educaci\u00f3 \u00e9s una gran eina molt pr\u00e0ctica per motivar als alumnes a aprendre matem\u00e0tiques, \u00e0lgebra, mec\u00e0nica, inform\u00e0tica, f\u00edsica, entre d\u2019altres.<\/p>\n<p style=\"text-align: justify;\">Som un centre de refer\u00e8ncia que oferim extraescolars amb la garant\u00eda que els nostres professionals la duen a terme de la millor manera possible, pensada per ells i per a ells; l\u2019educaci\u00f3 en valors. Aix\u00ed doncs, es conforma una avantatge per als alumnes amb necessitats espec\u00edfiques, treballant l\u2019habilitat mental, pensament reflexiu, actitut creativa, seguretat i autoestima.<\/p>\n","protected":false},"excerpt":{"rendered":"<p>FreeKids L\u2019activitat de Freekids, creada per To Grow Aula D\u2019Aprenentatge, es basa en un aprenentatge divertit i pr\u00e0ctic, alhora adaptat a cada alumne i amb la garantia dels valors de la casa, com s\u00f3n: l\u2019esfor\u00e7, la const\u00e0ncia i la superaci\u00f3. Aquest \u00faltim, amb el valor afegit de treballar la capacitat per resoldre problemes amb esfor\u00e7 i confian\u00e7a. Al Freekids posem a disposici\u00f3 dels alumnes una nova manera d\u2019aprendre molt m\u00e9s motivadora que la tradicional perqu\u00e8 la complementen amb la pr\u00e0ctica. Pensem que al Freekids els infants poden aprende a millorar la resoluci\u00f3 de problemes en grups reduits, desenvolupar capacitas creatives i d\u2019organitzaci\u00f3, coordinaci\u00f3 psicomotriu i ocular, fomentar la creatividat i la resoluci\u00f3 de problemes, descobrir noves habilitats, i desenvolupar\u00a0 l\u2019inter\u00e8s per investigar. La rob\u00f2tica educativa\/pedag\u00f2gica tamb\u00e9 t\u00e9 com a finalitat permetre als estudiants construir les seves pr\u00f2pies representacions dels fenomens del m\u00f3n que els envolta i facilitar l\u2019adquisici\u00f3 de nous coneixements al voltant d\u2019aquests, aix\u00ed com la transfer\u00e8ncia a diferentes \u00e0rees de coneixement. Freekids est\u00e0 pensat per a nens i nenes de m\u00e9s de 6 anys. Utilitzem un sistema dels m\u00e9s novedosos amb diferents kits de rob\u00f2tica educativa, com el Lego WEDO , Lego Mindstorm, la programaci\u00f3 Swift i la programaci\u00f3 Scracth i Arduino. Aquests sistemes son molt visuals i intuitius i fa que les possibilitats siguin infinites adaptant-nos a les capacitats i possibilitats de cada alumne. Tot aix\u00f2, ens obre la porta a la imaginaci\u00f3 i a treballar les matem\u00e0tiques dins de la programaci\u00f3, i al mateix temps, perdre la por a la complexitat matem\u00e0tica d\u2019una manera senzilla, divertida i pr\u00e0ctica. La rob\u00f2tica \u00e9s una branca de la ingenieria el\u00e8ctrica, electr\u00f2nica i de la inform\u00e0tica, encarregada del disseny, construcci\u00f3, operaci\u00f3 aplicable als robots. A m\u00e9s, la rob\u00f2tica aplicada a l\u2019educaci\u00f3 \u00e9s una gran eina molt pr\u00e0ctica per motivar als alumnes a aprendre matem\u00e0tiques, \u00e0lgebra, mec\u00e0nica, inform\u00e0tica, f\u00edsica, entre d\u2019altres. Som un centre de refer\u00e8ncia que oferim extraescolars amb la garant\u00eda que els nostres professionals la duen a terme de la millor manera possible, pensada per ells i per a ells; l\u2019educaci\u00f3 en valors. Aix\u00ed doncs, es conforma una avantatge per als alumnes amb necessitats espec\u00edfiques, treballant l\u2019habilitat mental, pensament reflexiu, actitut creativa, seguretat i autoestima.<\/p>\n","protected":false},"author":1,"featured_media":0,"parent":0,"menu_order":3,"comment_status":"closed","ping_status":"closed","template":"","meta":{"jetpack_post_was_ever_published":false,"footnotes":""},"class_list":["post-424","page","type-page","status-publish","hentry"],"aioseo_notices":[],"jetpack_sharing_enabled":true,"jetpack_shortlink":"https:\/\/wp.me\/P8FLJJ-6Q","jetpack-related-posts":[],"_links":{"self":[{"href":"https:\/\/growinggrup.com\/index.php?rest_route=\/wp\/v2\/pages\/424","targetHints":{"allow":["GET"]}}],"collection":[{"href":"https:\/\/growinggrup.com\/index.php?rest_route=\/wp\/v2\/pages"}],"about":[{"href":"https:\/\/growinggrup.com\/index.php?rest_route=\/wp\/v2\/types\/page"}],"author":[{"embeddable":true,"href":"https:\/\/growinggrup.com\/index.php?rest_route=\/wp\/v2\/users\/1"}],"replies":[{"embeddable":true,"href":"https:\/\/growinggrup.com\/index.php?rest_route=%2Fwp%2Fv2%2Fcomments&post=424"}],"version-history":[{"count":2,"href":"https:\/\/growinggrup.com\/index.php?rest_route=\/wp\/v2\/pages\/424\/revisions"}],"predecessor-version":[{"id":771,"href":"https:\/\/growinggrup.com\/index.php?rest_route=\/wp\/v2\/pages\/424\/revisions\/771"}],"wp:attachment":[{"href":"https:\/\/growinggrup.com\/index.php?rest_route=%2Fwp%2Fv2%2Fmedia&parent=424"}],"curies":[{"name":"wp","href":"https:\/\/api.w.org\/{rel}","templated":true}]}}