{"id":558,"date":"2020-05-10T09:07:50","date_gmt":"2020-05-10T09:07:50","guid":{"rendered":"https:\/\/growinggrup.com\/?page_id=558"},"modified":"2020-05-12T06:55:25","modified_gmt":"2020-05-12T06:55:25","slug":"itogrow-com","status":"publish","type":"page","link":"https:\/\/growinggrup.com\/?page_id=558","title":{"rendered":"ITOGROW.COM"},"content":{"rendered":"\n<ul class=\"wp-block-list\"><li>Tria al desplegable el curs que fas, i tria l\u2019assignatura en la que necessites ajuda, o tria la opci\u00f3 de refor\u00e7 i diga-ns m\u00e9s tard en qu\u00e8 vols que t\u2019ajudem. Fes clic a Buscar. <\/li><\/ul>\n\n\n\n<figure class=\"wp-block-image size-large\"><img loading=\"lazy\" decoding=\"async\" width=\"1040\" height=\"398\" data-attachment-id=\"601\" data-permalink=\"https:\/\/growinggrup.com\/?attachment_id=601\" data-orig-file=\"https:\/\/growinggrup.com\/wp-content\/uploads\/2020\/05\/imatge.png\" data-orig-size=\"1040,398\" data-comments-opened=\"0\" data-image-meta=\"{&quot;aperture&quot;:&quot;0&quot;,&quot;credit&quot;:&quot;&quot;,&quot;camera&quot;:&quot;&quot;,&quot;caption&quot;:&quot;&quot;,&quot;created_timestamp&quot;:&quot;0&quot;,&quot;copyright&quot;:&quot;&quot;,&quot;focal_length&quot;:&quot;0&quot;,&quot;iso&quot;:&quot;0&quot;,&quot;shutter_speed&quot;:&quot;0&quot;,&quot;title&quot;:&quot;&quot;,&quot;orientation&quot;:&quot;0&quot;}\" data-image-title=\"imatge\" data-image-description=\"\" data-image-caption=\"\" data-large-file=\"https:\/\/growinggrup.com\/wp-content\/uploads\/2020\/05\/imatge-1024x392.png\" src=\"https:\/\/i2.wp.com\/growinggrup.com\/wp-content\/uploads\/2020\/05\/imatge.png?fit=760%2C291\" alt=\"\" class=\"wp-image-601\" srcset=\"https:\/\/growinggrup.com\/wp-content\/uploads\/2020\/05\/imatge.png 1040w, https:\/\/growinggrup.com\/wp-content\/uploads\/2020\/05\/imatge-300x115.png 300w, https:\/\/growinggrup.com\/wp-content\/uploads\/2020\/05\/imatge-1024x392.png 1024w, https:\/\/growinggrup.com\/wp-content\/uploads\/2020\/05\/imatge-768x294.png 768w\" sizes=\"auto, (max-width: 1040px) 100vw, 1040px\" \/><\/figure>\n\n\n\n<ul class=\"wp-block-list\"><li>En comptes de buscar concretament, tamb\u00e9 pots xafardejar el nostre calendari.\u00a0 \u00a0 <\/li><\/ul>\n\n\n\n<figure class=\"wp-block-image size-large\"><img loading=\"lazy\" decoding=\"async\" width=\"884\" height=\"644\" data-attachment-id=\"602\" data-permalink=\"https:\/\/growinggrup.com\/?attachment_id=602\" data-orig-file=\"https:\/\/growinggrup.com\/wp-content\/uploads\/2020\/05\/imatge-1.png\" data-orig-size=\"884,644\" data-comments-opened=\"0\" data-image-meta=\"{&quot;aperture&quot;:&quot;0&quot;,&quot;credit&quot;:&quot;&quot;,&quot;camera&quot;:&quot;&quot;,&quot;caption&quot;:&quot;&quot;,&quot;created_timestamp&quot;:&quot;0&quot;,&quot;copyright&quot;:&quot;&quot;,&quot;focal_length&quot;:&quot;0&quot;,&quot;iso&quot;:&quot;0&quot;,&quot;shutter_speed&quot;:&quot;0&quot;,&quot;title&quot;:&quot;&quot;,&quot;orientation&quot;:&quot;0&quot;}\" data-image-title=\"imatge-1\" data-image-description=\"\" data-image-caption=\"\" data-large-file=\"https:\/\/growinggrup.com\/wp-content\/uploads\/2020\/05\/imatge-1.png\" src=\"https:\/\/growinggrup.com\/wp-content\/uploads\/2020\/05\/imatge-1.png\" alt=\"\" class=\"wp-image-602\" srcset=\"https:\/\/growinggrup.com\/wp-content\/uploads\/2020\/05\/imatge-1.png 884w, https:\/\/growinggrup.com\/wp-content\/uploads\/2020\/05\/imatge-1-300x219.png 300w, https:\/\/growinggrup.com\/wp-content\/uploads\/2020\/05\/imatge-1-768x559.png 768w\" sizes=\"auto, (max-width: 884px) 100vw, 884px\" \/><\/figure>\n\n\n\n<ul class=\"wp-block-list\"><li>Fes clic sobre el dia que vols fer la classe i mira les opcions disponibles.<\/li><\/ul>\n\n\n\n<figure class=\"wp-block-image size-large\"><img loading=\"lazy\" decoding=\"async\" width=\"850\" height=\"896\" data-attachment-id=\"603\" data-permalink=\"https:\/\/growinggrup.com\/?attachment_id=603\" data-orig-file=\"https:\/\/growinggrup.com\/wp-content\/uploads\/2020\/05\/imatge-2.png\" data-orig-size=\"850,896\" data-comments-opened=\"0\" data-image-meta=\"{&quot;aperture&quot;:&quot;0&quot;,&quot;credit&quot;:&quot;&quot;,&quot;camera&quot;:&quot;&quot;,&quot;caption&quot;:&quot;&quot;,&quot;created_timestamp&quot;:&quot;0&quot;,&quot;copyright&quot;:&quot;&quot;,&quot;focal_length&quot;:&quot;0&quot;,&quot;iso&quot;:&quot;0&quot;,&quot;shutter_speed&quot;:&quot;0&quot;,&quot;title&quot;:&quot;&quot;,&quot;orientation&quot;:&quot;0&quot;}\" data-image-title=\"imatge-2\" data-image-description=\"\" data-image-caption=\"\" data-large-file=\"https:\/\/growinggrup.com\/wp-content\/uploads\/2020\/05\/imatge-2.png\" src=\"https:\/\/growinggrup.com\/wp-content\/uploads\/2020\/05\/imatge-2.png\" alt=\"\" class=\"wp-image-603\" srcset=\"https:\/\/growinggrup.com\/wp-content\/uploads\/2020\/05\/imatge-2.png 850w, https:\/\/growinggrup.com\/wp-content\/uploads\/2020\/05\/imatge-2-285x300.png 285w, https:\/\/growinggrup.com\/wp-content\/uploads\/2020\/05\/imatge-2-768x810.png 768w\" sizes=\"auto, (max-width: 850px) 100vw, 850px\" \/><\/figure>\n\n\n\n<ul class=\"wp-block-list\"><li>Posem d\u2019exemple que voldrem fer la classe de Logicomatem\u00e0tiques de P4 de 17:00 A 18:00 de la tarda. Fem clic, i ens apareixer\u00e0 la seg\u00fcent informaci\u00f3. <br><\/li><\/ul>\n\n\n\n<figure class=\"wp-block-image size-large\"><img loading=\"lazy\" decoding=\"async\" width=\"1006\" height=\"530\" data-attachment-id=\"604\" data-permalink=\"https:\/\/growinggrup.com\/?attachment_id=604\" data-orig-file=\"https:\/\/growinggrup.com\/wp-content\/uploads\/2020\/05\/imatge-3.png\" data-orig-size=\"1006,530\" data-comments-opened=\"0\" data-image-meta=\"{&quot;aperture&quot;:&quot;0&quot;,&quot;credit&quot;:&quot;&quot;,&quot;camera&quot;:&quot;&quot;,&quot;caption&quot;:&quot;&quot;,&quot;created_timestamp&quot;:&quot;0&quot;,&quot;copyright&quot;:&quot;&quot;,&quot;focal_length&quot;:&quot;0&quot;,&quot;iso&quot;:&quot;0&quot;,&quot;shutter_speed&quot;:&quot;0&quot;,&quot;title&quot;:&quot;&quot;,&quot;orientation&quot;:&quot;0&quot;}\" data-image-title=\"imatge-3\" data-image-description=\"\" data-image-caption=\"\" data-large-file=\"https:\/\/growinggrup.com\/wp-content\/uploads\/2020\/05\/imatge-3.png\" src=\"https:\/\/growinggrup.com\/wp-content\/uploads\/2020\/05\/imatge-3.png\" alt=\"\" class=\"wp-image-604\" srcset=\"https:\/\/growinggrup.com\/wp-content\/uploads\/2020\/05\/imatge-3.png 1006w, https:\/\/growinggrup.com\/wp-content\/uploads\/2020\/05\/imatge-3-300x158.png 300w, https:\/\/growinggrup.com\/wp-content\/uploads\/2020\/05\/imatge-3-768x405.png 768w\" sizes=\"auto, (max-width: 1006px) 100vw, 1006px\" \/><\/figure>\n\n\n\n<ul class=\"wp-block-list\"><li>Si es el que est\u00e0vem buscant, haurem de fer clic sobre el bot\u00f3 REGISTRAR-ME<br><\/li><\/ul>\n\n\n\n<figure class=\"wp-block-image size-large\"><img loading=\"lazy\" decoding=\"async\" width=\"1044\" height=\"388\" data-attachment-id=\"607\" data-permalink=\"https:\/\/growinggrup.com\/?attachment_id=607\" data-orig-file=\"https:\/\/growinggrup.com\/wp-content\/uploads\/2020\/05\/imatge-4.png\" data-orig-size=\"1044,388\" data-comments-opened=\"0\" data-image-meta=\"{&quot;aperture&quot;:&quot;0&quot;,&quot;credit&quot;:&quot;&quot;,&quot;camera&quot;:&quot;&quot;,&quot;caption&quot;:&quot;&quot;,&quot;created_timestamp&quot;:&quot;0&quot;,&quot;copyright&quot;:&quot;&quot;,&quot;focal_length&quot;:&quot;0&quot;,&quot;iso&quot;:&quot;0&quot;,&quot;shutter_speed&quot;:&quot;0&quot;,&quot;title&quot;:&quot;&quot;,&quot;orientation&quot;:&quot;0&quot;}\" data-image-title=\"imatge-4\" data-image-description=\"\" data-image-caption=\"\" data-large-file=\"https:\/\/growinggrup.com\/wp-content\/uploads\/2020\/05\/imatge-4-1024x381.png\" src=\"https:\/\/i2.wp.com\/growinggrup.com\/wp-content\/uploads\/2020\/05\/imatge-4.png?fit=760%2C283\" alt=\"\" class=\"wp-image-607\" srcset=\"https:\/\/growinggrup.com\/wp-content\/uploads\/2020\/05\/imatge-4.png 1044w, https:\/\/growinggrup.com\/wp-content\/uploads\/2020\/05\/imatge-4-300x111.png 300w, https:\/\/growinggrup.com\/wp-content\/uploads\/2020\/05\/imatge-4-1024x381.png 1024w, https:\/\/growinggrup.com\/wp-content\/uploads\/2020\/05\/imatge-4-768x285.png 768w\" sizes=\"auto, (max-width: 1044px) 100vw, 1044px\" \/><\/figure>\n\n\n\n<ul class=\"wp-block-list\"><li>Ara hem d\u2019omplir el formulari i ens arribar\u00e0 un mail de confirmaci\u00f3 on hem d\u2019acceptar les condicions i signar-lo, o que el signi un adult si som menors d\u2019edat. <\/li><li>Un cop t\u2019hagis registrat has d\u2019entrar al teu mail, i obrir el correu que t\u2019hem enviat. <br><\/li><\/ul>\n\n\n\n<figure class=\"wp-block-image size-large\"><img loading=\"lazy\" decoding=\"async\" width=\"1046\" height=\"826\" data-attachment-id=\"608\" data-permalink=\"https:\/\/growinggrup.com\/?attachment_id=608\" data-orig-file=\"https:\/\/growinggrup.com\/wp-content\/uploads\/2020\/05\/imatge-5.png\" data-orig-size=\"1046,826\" data-comments-opened=\"0\" data-image-meta=\"{&quot;aperture&quot;:&quot;0&quot;,&quot;credit&quot;:&quot;&quot;,&quot;camera&quot;:&quot;&quot;,&quot;caption&quot;:&quot;&quot;,&quot;created_timestamp&quot;:&quot;0&quot;,&quot;copyright&quot;:&quot;&quot;,&quot;focal_length&quot;:&quot;0&quot;,&quot;iso&quot;:&quot;0&quot;,&quot;shutter_speed&quot;:&quot;0&quot;,&quot;title&quot;:&quot;&quot;,&quot;orientation&quot;:&quot;0&quot;}\" data-image-title=\"imatge-5\" data-image-description=\"\" data-image-caption=\"\" data-large-file=\"https:\/\/growinggrup.com\/wp-content\/uploads\/2020\/05\/imatge-5-1024x809.png\" src=\"https:\/\/i2.wp.com\/growinggrup.com\/wp-content\/uploads\/2020\/05\/imatge-5.png?fit=760%2C600\" alt=\"\" class=\"wp-image-608\" srcset=\"https:\/\/growinggrup.com\/wp-content\/uploads\/2020\/05\/imatge-5.png 1046w, https:\/\/growinggrup.com\/wp-content\/uploads\/2020\/05\/imatge-5-300x237.png 300w, https:\/\/growinggrup.com\/wp-content\/uploads\/2020\/05\/imatge-5-1024x809.png 1024w, https:\/\/growinggrup.com\/wp-content\/uploads\/2020\/05\/imatge-5-768x606.png 768w\" sizes=\"auto, (max-width: 1046px) 100vw, 1046px\" \/><\/figure>\n\n\n\n<ul class=\"wp-block-list\"><li>     T\u2019has de descarregar el <strong><span style=\"text-decoration: underline;\">AQUEST DOCUMENT<\/span><\/strong>  signar-lo i <span style=\"text-decoration: underline;\">fer clic aqu\u00ed<\/span> per pujar-lo.<br><\/li><\/ul>\n\n\n\n<figure class=\"wp-block-image size-large\"><img loading=\"lazy\" decoding=\"async\" width=\"312\" height=\"444\" data-attachment-id=\"609\" data-permalink=\"https:\/\/growinggrup.com\/?attachment_id=609\" data-orig-file=\"https:\/\/growinggrup.com\/wp-content\/uploads\/2020\/05\/imatge-6.png\" data-orig-size=\"312,444\" data-comments-opened=\"0\" data-image-meta=\"{&quot;aperture&quot;:&quot;0&quot;,&quot;credit&quot;:&quot;&quot;,&quot;camera&quot;:&quot;&quot;,&quot;caption&quot;:&quot;&quot;,&quot;created_timestamp&quot;:&quot;0&quot;,&quot;copyright&quot;:&quot;&quot;,&quot;focal_length&quot;:&quot;0&quot;,&quot;iso&quot;:&quot;0&quot;,&quot;shutter_speed&quot;:&quot;0&quot;,&quot;title&quot;:&quot;&quot;,&quot;orientation&quot;:&quot;0&quot;}\" data-image-title=\"imatge-6\" data-image-description=\"\" data-image-caption=\"\" data-large-file=\"https:\/\/growinggrup.com\/wp-content\/uploads\/2020\/05\/imatge-6.png\" src=\"https:\/\/growinggrup.com\/wp-content\/uploads\/2020\/05\/imatge-6.png\" alt=\"\" class=\"wp-image-609\" srcset=\"https:\/\/growinggrup.com\/wp-content\/uploads\/2020\/05\/imatge-6.png 312w, https:\/\/growinggrup.com\/wp-content\/uploads\/2020\/05\/imatge-6-211x300.png 211w\" sizes=\"auto, (max-width: 312px) 100vw, 312px\" \/><\/figure>\n\n\n\n<figure class=\"wp-block-image size-large\"><img loading=\"lazy\" decoding=\"async\" width=\"346\" height=\"490\" data-attachment-id=\"610\" data-permalink=\"https:\/\/growinggrup.com\/?attachment_id=610\" data-orig-file=\"https:\/\/growinggrup.com\/wp-content\/uploads\/2020\/05\/imatge-7.png\" data-orig-size=\"346,490\" data-comments-opened=\"0\" data-image-meta=\"{&quot;aperture&quot;:&quot;0&quot;,&quot;credit&quot;:&quot;&quot;,&quot;camera&quot;:&quot;&quot;,&quot;caption&quot;:&quot;&quot;,&quot;created_timestamp&quot;:&quot;0&quot;,&quot;copyright&quot;:&quot;&quot;,&quot;focal_length&quot;:&quot;0&quot;,&quot;iso&quot;:&quot;0&quot;,&quot;shutter_speed&quot;:&quot;0&quot;,&quot;title&quot;:&quot;&quot;,&quot;orientation&quot;:&quot;0&quot;}\" data-image-title=\"imatge-7\" data-image-description=\"\" data-image-caption=\"\" data-large-file=\"https:\/\/growinggrup.com\/wp-content\/uploads\/2020\/05\/imatge-7.png\" src=\"https:\/\/growinggrup.com\/wp-content\/uploads\/2020\/05\/imatge-7.png\" alt=\"\" class=\"wp-image-610\" srcset=\"https:\/\/growinggrup.com\/wp-content\/uploads\/2020\/05\/imatge-7.png 346w, https:\/\/growinggrup.com\/wp-content\/uploads\/2020\/05\/imatge-7-212x300.png 212w\" sizes=\"auto, (max-width: 346px) 100vw, 346px\" \/><\/figure>\n\n\n\n<ul class=\"wp-block-list\"><li>Un cop has signat el document i has fet clic aqu\u00ed, i has adjuntat el document ja pots acabar el registre.  <br><\/li><\/ul>\n\n\n\n<figure class=\"wp-block-image size-large\"><img loading=\"lazy\" decoding=\"async\" width=\"870\" height=\"512\" data-attachment-id=\"611\" data-permalink=\"https:\/\/growinggrup.com\/?attachment_id=611\" data-orig-file=\"https:\/\/growinggrup.com\/wp-content\/uploads\/2020\/05\/imatge-8.png\" data-orig-size=\"870,512\" data-comments-opened=\"0\" data-image-meta=\"{&quot;aperture&quot;:&quot;0&quot;,&quot;credit&quot;:&quot;&quot;,&quot;camera&quot;:&quot;&quot;,&quot;caption&quot;:&quot;&quot;,&quot;created_timestamp&quot;:&quot;0&quot;,&quot;copyright&quot;:&quot;&quot;,&quot;focal_length&quot;:&quot;0&quot;,&quot;iso&quot;:&quot;0&quot;,&quot;shutter_speed&quot;:&quot;0&quot;,&quot;title&quot;:&quot;&quot;,&quot;orientation&quot;:&quot;0&quot;}\" data-image-title=\"imatge-8\" data-image-description=\"\" data-image-caption=\"\" data-large-file=\"https:\/\/growinggrup.com\/wp-content\/uploads\/2020\/05\/imatge-8.png\" src=\"https:\/\/growinggrup.com\/wp-content\/uploads\/2020\/05\/imatge-8.png\" alt=\"\" class=\"wp-image-611\" srcset=\"https:\/\/growinggrup.com\/wp-content\/uploads\/2020\/05\/imatge-8.png 870w, https:\/\/growinggrup.com\/wp-content\/uploads\/2020\/05\/imatge-8-300x177.png 300w, https:\/\/growinggrup.com\/wp-content\/uploads\/2020\/05\/imatge-8-768x452.png 768w\" sizes=\"auto, (max-width: 870px) 100vw, 870px\" \/><\/figure>\n\n\n\n<ul class=\"wp-block-list\"><li>Ara ja t\u2019has registrat i pots contactar amb les nostres professionals, tornem a comprar la classe de logicomatem\u00e0tiques de P4. <br><\/li><\/ul>\n\n\n\n<figure class=\"wp-block-image size-large\"><img loading=\"lazy\" decoding=\"async\" width=\"922\" height=\"504\" data-attachment-id=\"612\" data-permalink=\"https:\/\/growinggrup.com\/?attachment_id=612\" data-orig-file=\"https:\/\/growinggrup.com\/wp-content\/uploads\/2020\/05\/imatge-9.png\" data-orig-size=\"922,504\" data-comments-opened=\"0\" data-image-meta=\"{&quot;aperture&quot;:&quot;0&quot;,&quot;credit&quot;:&quot;&quot;,&quot;camera&quot;:&quot;&quot;,&quot;caption&quot;:&quot;&quot;,&quot;created_timestamp&quot;:&quot;0&quot;,&quot;copyright&quot;:&quot;&quot;,&quot;focal_length&quot;:&quot;0&quot;,&quot;iso&quot;:&quot;0&quot;,&quot;shutter_speed&quot;:&quot;0&quot;,&quot;title&quot;:&quot;&quot;,&quot;orientation&quot;:&quot;0&quot;}\" data-image-title=\"imatge-9\" data-image-description=\"\" data-image-caption=\"\" data-large-file=\"https:\/\/growinggrup.com\/wp-content\/uploads\/2020\/05\/imatge-9.png\" src=\"https:\/\/growinggrup.com\/wp-content\/uploads\/2020\/05\/imatge-9.png\" alt=\"\" class=\"wp-image-612\" srcset=\"https:\/\/growinggrup.com\/wp-content\/uploads\/2020\/05\/imatge-9.png 922w, https:\/\/growinggrup.com\/wp-content\/uploads\/2020\/05\/imatge-9-300x164.png 300w, https:\/\/growinggrup.com\/wp-content\/uploads\/2020\/05\/imatge-9-768x420.png 768w\" sizes=\"auto, (max-width: 922px) 100vw, 922px\" \/><\/figure>\n\n\n\n<ul class=\"wp-block-list\"><li>Fem el pagament, i se\u2019ns obrir\u00e0 el nostre perfil amb la classe comprada.    <\/li><\/ul>\n\n\n\n<figure class=\"wp-block-image size-large\"><img loading=\"lazy\" decoding=\"async\" width=\"566\" height=\"722\" data-attachment-id=\"613\" data-permalink=\"https:\/\/growinggrup.com\/?attachment_id=613\" data-orig-file=\"https:\/\/growinggrup.com\/wp-content\/uploads\/2020\/05\/imatge-10.png\" data-orig-size=\"566,722\" data-comments-opened=\"0\" data-image-meta=\"{&quot;aperture&quot;:&quot;0&quot;,&quot;credit&quot;:&quot;&quot;,&quot;camera&quot;:&quot;&quot;,&quot;caption&quot;:&quot;&quot;,&quot;created_timestamp&quot;:&quot;0&quot;,&quot;copyright&quot;:&quot;&quot;,&quot;focal_length&quot;:&quot;0&quot;,&quot;iso&quot;:&quot;0&quot;,&quot;shutter_speed&quot;:&quot;0&quot;,&quot;title&quot;:&quot;&quot;,&quot;orientation&quot;:&quot;0&quot;}\" data-image-title=\"imatge-10\" data-image-description=\"\" data-image-caption=\"\" data-large-file=\"https:\/\/growinggrup.com\/wp-content\/uploads\/2020\/05\/imatge-10.png\" src=\"https:\/\/growinggrup.com\/wp-content\/uploads\/2020\/05\/imatge-10.png\" alt=\"\" class=\"wp-image-613\" srcset=\"https:\/\/growinggrup.com\/wp-content\/uploads\/2020\/05\/imatge-10.png 566w, https:\/\/growinggrup.com\/wp-content\/uploads\/2020\/05\/imatge-10-235x300.png 235w\" sizes=\"auto, (max-width: 566px) 100vw, 566px\" \/><\/figure>\n\n\n\n<ul class=\"wp-block-list\"><li>Un cop has processat el pagament, si vas a entorn alumne trobar\u00e0s la classe comprada. <br><\/li><\/ul>\n\n\n\n<figure class=\"wp-block-image size-large\"><img loading=\"lazy\" decoding=\"async\" width=\"806\" height=\"386\" data-attachment-id=\"614\" data-permalink=\"https:\/\/growinggrup.com\/?attachment_id=614\" data-orig-file=\"https:\/\/growinggrup.com\/wp-content\/uploads\/2020\/05\/imatge-11.png\" data-orig-size=\"806,386\" data-comments-opened=\"0\" data-image-meta=\"{&quot;aperture&quot;:&quot;0&quot;,&quot;credit&quot;:&quot;&quot;,&quot;camera&quot;:&quot;&quot;,&quot;caption&quot;:&quot;&quot;,&quot;created_timestamp&quot;:&quot;0&quot;,&quot;copyright&quot;:&quot;&quot;,&quot;focal_length&quot;:&quot;0&quot;,&quot;iso&quot;:&quot;0&quot;,&quot;shutter_speed&quot;:&quot;0&quot;,&quot;title&quot;:&quot;&quot;,&quot;orientation&quot;:&quot;0&quot;}\" data-image-title=\"imatge-11\" data-image-description=\"\" data-image-caption=\"\" data-large-file=\"https:\/\/growinggrup.com\/wp-content\/uploads\/2020\/05\/imatge-11.png\" src=\"https:\/\/growinggrup.com\/wp-content\/uploads\/2020\/05\/imatge-11.png\" alt=\"\" class=\"wp-image-614\" srcset=\"https:\/\/growinggrup.com\/wp-content\/uploads\/2020\/05\/imatge-11.png 806w, https:\/\/growinggrup.com\/wp-content\/uploads\/2020\/05\/imatge-11-300x144.png 300w, https:\/\/growinggrup.com\/wp-content\/uploads\/2020\/05\/imatge-11-768x368.png 768w\" sizes=\"auto, (max-width: 806px) 100vw, 806px\" \/><\/figure>\n\n\n\n<ul class=\"wp-block-list\"><li>M\u00e9s tard rebr\u00e0s un mail amb el link que ens direccionar\u00e0 a la classe. Normalment arriba entre 24 i 1 hora abans de que comenci la classe. <br><br>Moltes gr\u00e0cies per comptar amb nosaltres, si tens qualsevol dubte pots trobar-nos a info@itogrow.com o al telf: 622 79 47 88<\/li><\/ul>\n\n\n\n<p><br><\/p>\n","protected":false},"excerpt":{"rendered":"<p>Tria al desplegable el curs que fas, i tria l\u2019assignatura en la que necessites ajuda, o tria la opci\u00f3 de refor\u00e7 i diga-ns m\u00e9s tard en qu\u00e8 vols que t\u2019ajudem. Fes clic a Buscar. En comptes de buscar concretament, tamb\u00e9 pots xafardejar el nostre calendari.\u00a0 \u00a0 Fes clic sobre el dia que vols fer la classe i mira les opcions disponibles. Posem d\u2019exemple que voldrem fer la classe de Logicomatem\u00e0tiques de P4 de 17:00 A 18:00 de la tarda. Fem clic, i ens apareixer\u00e0 la seg\u00fcent informaci\u00f3. Si es el que est\u00e0vem buscant, haurem de fer clic sobre el bot\u00f3 REGISTRAR-ME Ara hem d\u2019omplir el formulari i ens arribar\u00e0 un mail de confirmaci\u00f3 on hem d\u2019acceptar les condicions i signar-lo, o que el signi un adult si som menors d\u2019edat. Un cop t\u2019hagis registrat has d\u2019entrar al teu mail, i obrir el correu que t\u2019hem enviat. T\u2019has de descarregar el AQUEST DOCUMENT signar-lo i fer clic aqu\u00ed per pujar-lo. Un cop has signat el document i has fet clic aqu\u00ed, i has adjuntat el document ja pots acabar el registre. Ara ja t\u2019has registrat i pots contactar amb les nostres professionals, tornem a comprar la classe de logicomatem\u00e0tiques de P4. Fem el pagament, i se\u2019ns obrir\u00e0 el nostre perfil amb la classe comprada. Un cop has processat el pagament, si vas a entorn alumne trobar\u00e0s la classe comprada. M\u00e9s tard rebr\u00e0s un mail amb el link que ens direccionar\u00e0 a la classe. Normalment arriba entre 24 i 1 hora abans de que comenci la classe. Moltes gr\u00e0cies per comptar amb nosaltres, si tens qualsevol dubte pots trobar-nos a info@itogrow.com o al telf: 622 79 47 88<\/p>\n","protected":false},"author":1,"featured_media":0,"parent":0,"menu_order":0,"comment_status":"closed","ping_status":"closed","template":"","meta":{"jetpack_post_was_ever_published":false,"footnotes":""},"class_list":["post-558","page","type-page","status-publish","hentry"],"aioseo_notices":[],"jetpack_sharing_enabled":true,"jetpack_shortlink":"https:\/\/wp.me\/P8FLJJ-90","jetpack-related-posts":[],"_links":{"self":[{"href":"https:\/\/growinggrup.com\/index.php?rest_route=\/wp\/v2\/pages\/558","targetHints":{"allow":["GET"]}}],"collection":[{"href":"https:\/\/growinggrup.com\/index.php?rest_route=\/wp\/v2\/pages"}],"about":[{"href":"https:\/\/growinggrup.com\/index.php?rest_route=\/wp\/v2\/types\/page"}],"author":[{"embeddable":true,"href":"https:\/\/growinggrup.com\/index.php?rest_route=\/wp\/v2\/users\/1"}],"replies":[{"embeddable":true,"href":"https:\/\/growinggrup.com\/index.php?rest_route=%2Fwp%2Fv2%2Fcomments&post=558"}],"version-history":[{"count":7,"href":"https:\/\/growinggrup.com\/index.php?rest_route=\/wp\/v2\/pages\/558\/revisions"}],"predecessor-version":[{"id":615,"href":"https:\/\/growinggrup.com\/index.php?rest_route=\/wp\/v2\/pages\/558\/revisions\/615"}],"wp:attachment":[{"href":"https:\/\/growinggrup.com\/index.php?rest_route=%2Fwp%2Fv2%2Fmedia&parent=558"}],"curies":[{"name":"wp","href":"https:\/\/api.w.org\/{rel}","templated":true}]}}